{"id":26893,"date":"2025-02-12T18:41:37","date_gmt":"2025-02-12T18:41:37","guid":{"rendered":"https:\/\/luchat8.com\/?page_id=26893"},"modified":"2025-10-16T11:44:16","modified_gmt":"2025-10-16T11:44:16","slug":"eshop","status":"publish","type":"page","link":"https:\/\/luchat8.com\/en\/eshop\/","title":{"rendered":"Sales and refunds"},"content":{"rendered":"\n<p><br>For all further info about your order contact us at&nbsp;<a href=\"mailto:orders@luchat8.com\">orders@luchat8.com<\/a>.<\/p>\n\n\n\n<h2 class=\"wp-block-heading\">Delivery and Shipping Limits<\/h2>\n\n\n\n<p>Shipping costs are at a 30EUR fixed rate worldwide for each product ordered. Maximum time of delivery is 15 business days.<\/p>\n\n\n\n<h2 class=\"wp-block-heading\">Money Back Policy<\/h2>\n\n\n\n<p><strong>Ogranak stranog privrednog dru\u0161tva PROJECTOR 999 AG BEOGRAD<\/strong> guarantees the quality of its products as well as the stability of the device. If you are not satisfied with the device\u2019s performance or, for any other reason, do not wish to continue using it, please contact us via email or phone (contact details available upon request). You have <strong>30 days from the date stated on the invoice<\/strong> to request a refund if you are not satisfied with the device. The device can be returned to the following address: <strong>\u0160avni\u010dka 51, apt. 1, 11030 Belgrade (\u010cukarica), Serbia<\/strong>. Acceptance of advertised goods is if you bring: an undamaged and functional device, the original receipt and a completed complaint card that you receive in the box of the device. We do not cover the delivery cost of the device return.<\/p>\n\n\n\n<p>If you meet the conditions of the complaint, the money will be returned to you within 7 days.<\/p>\n\n\n\n<h2 class=\"wp-block-heading\">Warranty<\/h2>\n\n\n\n<p><strong>Ogranak stranog privrednog dru\u0161tva PROJECTOR 999 AG BEOGRAD<\/strong> guarantees the correct operation of the product.<br>\u200d<br>Device warranty is valid with the original invoice and covers defects that occurred within a 2 year period. The compliance period starts from the date of purchase, i.e. from the date indicated on the invoice, or from the day when the goods are delivered to the customer if they are sent by courier service. Compliance for electronic defects is valid for 24 months from the date of purchase. Mechanical breakdowns are not covered.<br>\u200d<br><strong>The provider of warranty, within that period, ensures at his own expense the removal of defects and defects of the product, which arise from inconsistencies between the actual and the prescribed, that is, the declared quality characteristics of the product.<br>\u200d<br>The customer loses the right to warranty, i.e. the right to complaint and free servicing in case of:<\/strong>g<\/p>\n\n\n\n<p>&#8211; inadequate handling of the productusing excessive force<br>&#8211; improper use of the product that is not in accordance with the operating instructionsusing the product for purposes for which the product is not intended<br>&#8211; if the malfunction is caused by not following the given operating instructions<br>&#8211; if any repairs and repair attempts have been made to the product by unauthorized persons<br><br>If your breakdown falls under one of the above-mentioned items, the price of the service is 60 EUR. Company policy states that the wooden case must be changed with each device servicing.<br>\u200d<br>If the authorized service determines that the battery needs to be replaced, an additional 30 EUR is charged. Repairs covered by the warranty are performed exclusively at the <strong>authorized service center of Ogranak stranog privrednog dru\u0161tva PROJECTOR 999 AG BEOGRAD<\/strong>.<\/p>\n","protected":false},"excerpt":{"rendered":"<p>For all further info about your order contact us at&nbsp;orders@luchat8.com. Delivery and Shipping Limits Shipping costs are at a 30EUR fixed rate worldwide for each product ordered. Maximum time of delivery is 15 business days. Money Back Policy Ogranak stranog privrednog dru\u0161tva PROJECTOR 999 AG BEOGRAD guarantees the quality of its products as well as [&hellip;]<\/p>\n","protected":false},"author":7,"featured_media":0,"parent":0,"menu_order":0,"comment_status":"closed","ping_status":"closed","template":"templates\/utility-page.php","meta":{"_acf_changed":false,"footnotes":""},"class_list":["post-26893","page","type-page","status-publish","hentry"],"acf":[],"yoast_head":"<!-- This site is optimized with the Yoast SEO plugin v27.3 - https:\/\/yoast.com\/product\/yoast-seo-wordpress\/ -->\n<title>Get in touch - Lucha T8<\/title>\n<meta name=\"description\" content=\"Find out about Delivery and Shipping Limits, Money Back Policy &amp; Warranty.\" \/>\n<meta name=\"robots\" content=\"index, follow, max-snippet:-1, max-image-preview:large, max-video-preview:-1\" \/>\n<link rel=\"canonical\" href=\"https:\/\/luchat8.com\/eshop\/\" \/>\n<meta property=\"og:locale\" content=\"en_US\" \/>\n<meta property=\"og:type\" content=\"article\" \/>\n<meta property=\"og:title\" content=\"Get in touch - Lucha T8\" \/>\n<meta property=\"og:description\" content=\"Find out about Delivery and Shipping Limits, Money Back Policy &amp; Warranty.\" \/>\n<meta property=\"og:url\" content=\"https:\/\/luchat8.com\/eshop\/\" \/>\n<meta property=\"og:site_name\" content=\"Lucha T8\" \/>\n<meta property=\"article:publisher\" content=\"https:\/\/www.facebook.com\/LuchaT8\" \/>\n<meta property=\"article:modified_time\" content=\"2025-10-16T11:44:16+00:00\" \/>\n<meta name=\"twitter:card\" content=\"summary_large_image\" \/>\n<meta name=\"twitter:label1\" content=\"Est. reading time\" \/>\n\t<meta name=\"twitter:data1\" content=\"3 minutes\" \/>\n<script type=\"application\/ld+json\" class=\"yoast-schema-graph\">{\"@context\":\"https:\\\/\\\/schema.org\",\"@graph\":[{\"@type\":\"WebPage\",\"@id\":\"https:\\\/\\\/luchat8.com\\\/eshop\\\/\",\"url\":\"https:\\\/\\\/luchat8.com\\\/eshop\\\/\",\"name\":\"Get in touch - Lucha T8\",\"isPartOf\":{\"@id\":\"https:\\\/\\\/luchat8.com\\\/#website\"},\"datePublished\":\"2025-02-12T18:41:37+00:00\",\"dateModified\":\"2025-10-16T11:44:16+00:00\",\"description\":\"Find out about Delivery and Shipping Limits, Money Back Policy & Warranty.\",\"breadcrumb\":{\"@id\":\"https:\\\/\\\/luchat8.com\\\/eshop\\\/#breadcrumb\"},\"inLanguage\":\"en-US\",\"potentialAction\":[{\"@type\":\"ReadAction\",\"target\":[\"https:\\\/\\\/luchat8.com\\\/eshop\\\/\"]}]},{\"@type\":\"BreadcrumbList\",\"@id\":\"https:\\\/\\\/luchat8.com\\\/eshop\\\/#breadcrumb\",\"itemListElement\":[{\"@type\":\"ListItem\",\"position\":1,\"name\":\"Home\",\"item\":\"https:\\\/\\\/luchat8.com\\\/en\\\/\"},{\"@type\":\"ListItem\",\"position\":2,\"name\":\"Sales and refunds\"}]},{\"@type\":\"WebSite\",\"@id\":\"https:\\\/\\\/luchat8.com\\\/#website\",\"url\":\"https:\\\/\\\/luchat8.com\\\/\",\"name\":\"Lucha T8\",\"description\":\"\",\"publisher\":{\"@id\":\"https:\\\/\\\/luchat8.com\\\/#organization\"},\"potentialAction\":[{\"@type\":\"SearchAction\",\"target\":{\"@type\":\"EntryPoint\",\"urlTemplate\":\"https:\\\/\\\/luchat8.com\\\/?s={search_term_string}\"},\"query-input\":{\"@type\":\"PropertyValueSpecification\",\"valueRequired\":true,\"valueName\":\"search_term_string\"}}],\"inLanguage\":\"en-US\"},{\"@type\":\"Organization\",\"@id\":\"https:\\\/\\\/luchat8.com\\\/#organization\",\"name\":\"Lucha T8\",\"url\":\"https:\\\/\\\/luchat8.com\\\/\",\"logo\":{\"@type\":\"ImageObject\",\"inLanguage\":\"en-US\",\"@id\":\"https:\\\/\\\/luchat8.com\\\/#\\\/schema\\\/logo\\\/image\\\/\",\"url\":\"https:\\\/\\\/luchat8.com\\\/wp-content\\\/uploads\\\/2024\\\/12\\\/65098b045dbf03f9f025ad3a_logo.svg\",\"contentUrl\":\"https:\\\/\\\/luchat8.com\\\/wp-content\\\/uploads\\\/2024\\\/12\\\/65098b045dbf03f9f025ad3a_logo.svg\",\"caption\":\"Lucha T8\"},\"image\":{\"@id\":\"https:\\\/\\\/luchat8.com\\\/#\\\/schema\\\/logo\\\/image\\\/\"},\"sameAs\":[\"https:\\\/\\\/www.facebook.com\\\/LuchaT8\",\"https:\\\/\\\/www.linkedin.com\\\/company\\\/lucha-t8\\\/\"]}]}<\/script>\n<!-- \/ Yoast SEO plugin. -->","yoast_head_json":{"title":"Get in touch - Lucha T8","description":"Find out about Delivery and Shipping Limits, Money Back Policy & Warranty.","robots":{"index":"index","follow":"follow","max-snippet":"max-snippet:-1","max-image-preview":"max-image-preview:large","max-video-preview":"max-video-preview:-1"},"canonical":"https:\/\/luchat8.com\/eshop\/","og_locale":"en_US","og_type":"article","og_title":"Get in touch - Lucha T8","og_description":"Find out about Delivery and Shipping Limits, Money Back Policy & Warranty.","og_url":"https:\/\/luchat8.com\/eshop\/","og_site_name":"Lucha T8","article_publisher":"https:\/\/www.facebook.com\/LuchaT8","article_modified_time":"2025-10-16T11:44:16+00:00","twitter_card":"summary_large_image","twitter_misc":{"Est. reading time":"3 minutes"},"schema":{"@context":"https:\/\/schema.org","@graph":[{"@type":"WebPage","@id":"https:\/\/luchat8.com\/eshop\/","url":"https:\/\/luchat8.com\/eshop\/","name":"Get in touch - Lucha T8","isPartOf":{"@id":"https:\/\/luchat8.com\/#website"},"datePublished":"2025-02-12T18:41:37+00:00","dateModified":"2025-10-16T11:44:16+00:00","description":"Find out about Delivery and Shipping Limits, Money Back Policy & Warranty.","breadcrumb":{"@id":"https:\/\/luchat8.com\/eshop\/#breadcrumb"},"inLanguage":"en-US","potentialAction":[{"@type":"ReadAction","target":["https:\/\/luchat8.com\/eshop\/"]}]},{"@type":"BreadcrumbList","@id":"https:\/\/luchat8.com\/eshop\/#breadcrumb","itemListElement":[{"@type":"ListItem","position":1,"name":"Home","item":"https:\/\/luchat8.com\/en\/"},{"@type":"ListItem","position":2,"name":"Sales and refunds"}]},{"@type":"WebSite","@id":"https:\/\/luchat8.com\/#website","url":"https:\/\/luchat8.com\/","name":"Lucha T8","description":"","publisher":{"@id":"https:\/\/luchat8.com\/#organization"},"potentialAction":[{"@type":"SearchAction","target":{"@type":"EntryPoint","urlTemplate":"https:\/\/luchat8.com\/?s={search_term_string}"},"query-input":{"@type":"PropertyValueSpecification","valueRequired":true,"valueName":"search_term_string"}}],"inLanguage":"en-US"},{"@type":"Organization","@id":"https:\/\/luchat8.com\/#organization","name":"Lucha T8","url":"https:\/\/luchat8.com\/","logo":{"@type":"ImageObject","inLanguage":"en-US","@id":"https:\/\/luchat8.com\/#\/schema\/logo\/image\/","url":"https:\/\/luchat8.com\/wp-content\/uploads\/2024\/12\/65098b045dbf03f9f025ad3a_logo.svg","contentUrl":"https:\/\/luchat8.com\/wp-content\/uploads\/2024\/12\/65098b045dbf03f9f025ad3a_logo.svg","caption":"Lucha T8"},"image":{"@id":"https:\/\/luchat8.com\/#\/schema\/logo\/image\/"},"sameAs":["https:\/\/www.facebook.com\/LuchaT8","https:\/\/www.linkedin.com\/company\/lucha-t8\/"]}]}},"_links":{"self":[{"href":"https:\/\/luchat8.com\/en\/wp-json\/wp\/v2\/pages\/26893","targetHints":{"allow":["GET"]}}],"collection":[{"href":"https:\/\/luchat8.com\/en\/wp-json\/wp\/v2\/pages"}],"about":[{"href":"https:\/\/luchat8.com\/en\/wp-json\/wp\/v2\/types\/page"}],"author":[{"embeddable":true,"href":"https:\/\/luchat8.com\/en\/wp-json\/wp\/v2\/users\/7"}],"replies":[{"embeddable":true,"href":"https:\/\/luchat8.com\/en\/wp-json\/wp\/v2\/comments?post=26893"}],"version-history":[{"count":4,"href":"https:\/\/luchat8.com\/en\/wp-json\/wp\/v2\/pages\/26893\/revisions"}],"predecessor-version":[{"id":41163,"href":"https:\/\/luchat8.com\/en\/wp-json\/wp\/v2\/pages\/26893\/revisions\/41163"}],"wp:attachment":[{"href":"https:\/\/luchat8.com\/en\/wp-json\/wp\/v2\/media?parent=26893"}],"curies":[{"name":"wp","href":"https:\/\/api.w.org\/{rel}","templated":true}]}}